{"id":28,"date":"2022-01-06T11:57:46","date_gmt":"2022-01-06T10:57:46","guid":{"rendered":"https:\/\/test.sp-ps.ch\/?page_id=28"},"modified":"2023-11-14T12:14:14","modified_gmt":"2023-11-14T11:14:14","slug":"spenden","status":"publish","type":"page","link":"https:\/\/ps-fr.ch\/de\/spenden\/","title":{"rendered":"Spenden"},"content":{"rendered":"\t\t<div data-elementor-type=\"wp-page\" data-elementor-id=\"28\" class=\"elementor elementor-28\" data-elementor-post-type=\"page\">\n\t\t\t\t\t\t<section class=\"elementor-section elementor-top-section elementor-element elementor-element-19edffd3 elementor-section-boxed elementor-section-height-default elementor-section-height-default\" data-id=\"19edffd3\" data-element_type=\"section\" data-settings=\"{&quot;jet_parallax_layout_list&quot;:[],&quot;background_background&quot;:&quot;classic&quot;}\">\n\t\t\t\t\t\t<div class=\"elementor-container elementor-column-gap-wide\">\n\t\t\t\t\t<div class=\"elementor-column elementor-col-100 elementor-top-column elementor-element elementor-element-4ddb66ce\" data-id=\"4ddb66ce\" data-element_type=\"column\">\n\t\t\t<div class=\"elementor-widget-wrap elementor-element-populated\">\n\t\t\t\t\t\t<div class=\"elementor-element elementor-element-7a798d3f elementor-widget elementor-widget-heading\" data-id=\"7a798d3f\" data-element_type=\"widget\" data-widget_type=\"heading.default\">\n\t\t\t\t<div class=\"elementor-widget-container\">\n\t\t\t\t\t<h1 class=\"elementor-heading-title elementor-size-default\">Spenden<\/h1>\t\t\t\t<\/div>\n\t\t\t\t<\/div>\n\t\t\n\t\t<div class=\"elementor-element elementor-element-1e9f2696 elementor-widget elementor-widget-jet-breadcrumbs\" data-id=\"1e9f2696\" data-element_type=\"widget\" data-widget_type=\"jet-breadcrumbs.default\">\n\t\t\t\t<div class=\"elementor-widget-container\">\n\t\t\t\t\t<div class=\"elementor-jet-breadcrumbs jet-blocks\">\n\t\t<div class=\"jet-breadcrumbs\">\n\t\t<div class=\"jet-breadcrumbs__content\">\n\t\t<div class=\"jet-breadcrumbs__wrap\">\n\t\t<\/div>\n\t\t<\/div>\n\t\t<\/div><\/div>\t\t\t\t<\/div>\n\t\t\t\t<\/div>\n\t\t\t\t<div class=\"elementor-element elementor-element-5587407 elementor-widget elementor-widget-text-editor\" data-id=\"5587407\" data-element_type=\"widget\" data-widget_type=\"text-editor.default\">\n\t\t\t\t<div class=\"elementor-widget-container\">\n\t\t\t\t\t\t\t\t\t<p>Um unsere Projekte sowie unsere Wahl- und Abstimmungskampagnen finanzieren zu k\u00f6nnen sind wir auf Spenden angewiesen. So k\u00f6nnen wir den Millionen-Budgets der Wirtschaftsverb\u00e4nde und Lobby-Organisationen die Stirn bieten. F\u00fcr eine Spende sind wir dir deshalb sehr dankbar.<\/p>\t\t\t\t\t\t\t\t<\/div>\n\t\t\t\t<\/div>\n\t\t\t\t\t<\/div>\n\t\t<\/div>\n\t\t\t\t\t<\/div>\n\t\t<\/section>\n\t\t\t\t<section class=\"elementor-section elementor-top-section elementor-element elementor-element-41a2144 elementor-section-boxed elementor-section-height-default elementor-section-height-default\" data-id=\"41a2144\" data-element_type=\"section\" data-settings=\"{&quot;jet_parallax_layout_list&quot;:[]}\">\n\t\t\t\t\t\t<div class=\"elementor-container elementor-column-gap-wide\">\n\t\t\t\t\t<div class=\"elementor-column elementor-col-100 elementor-top-column elementor-element elementor-element-244e3f1\" data-id=\"244e3f1\" data-element_type=\"column\">\n\t\t\t<div class=\"elementor-widget-wrap elementor-element-populated\">\n\t\t\t\t\t\t<div class=\"elementor-element elementor-element-1338b8e elementor-widget elementor-widget-spps_title_text\" data-id=\"1338b8e\" data-element_type=\"widget\" data-widget_type=\"spps_title_text.default\">\n\t\t\t\t<div class=\"elementor-widget-container\">\n\t\t\t\t\t<div class=\"title-text-wrapper wrapper-spacing-default\"><div class=\"title-text-title\"><h2>Unterst\u00fctze die SP mit einer Spende<\/h2><\/div><div class=\"title-text-container\"><div class=\"title-text-text\"><p>Wir sind auf deine finanzielle Unterst\u00fctzung angewiesen. Denn im Gegensatz zu den b\u00fcrgerlichen Parteien erh\u00e4lt die SP keine Millionen von Banken und Versicherungen, sondern finanziert sich durch Mitgliederbeitr\u00e4ge und Spenden von Menschen, welche die SP und ihre Politik unterst\u00fctzen m\u00f6chten.<\/p><\/div><\/div><\/div>\t\t\t\t<\/div>\n\t\t\t\t<\/div>\n\t\t\t\t<div class=\"elementor-element elementor-element-b39acd0 elementor-widget elementor-widget-html\" data-id=\"b39acd0\" data-element_type=\"widget\" data-widget_type=\"html.default\">\n\t\t\t\t<div class=\"elementor-widget-container\">\n\t\t\t\t\t<div class=\"rnw-widget-container\"><\/div>\r\n<script src=\"https:\/\/tamaro.raisenow.com\/sp-schweiz\/latest\/widget.js\"><\/script>\r\n<script>\r\nwindow.rnw.tamaro.runWidget('.rnw-widget-container', {\r\n\r\n\t\/***************Settings**************\/\r\n\r\n\t\/\/ Sprache w\u00e4hlen (de,fr,it)\r\n\tlanguage: 'de',\r\n\r\n\t\/\/ Kampagnen-ID setzen (Projekt-UID aus Sextant)\r\n\tpurposeDetails: {\r\n\t\tp1: {\r\n\t\t\tstored_campaign_id: 25461797,\r\n\t\t},\r\n\t},\r\n\r\n\t\/\/ Purpose (p1) in allen Sprachen hinterlegen\r\n\ttranslations: {\r\n\t\tde: {\r\n\t\t\tpurposes: {\r\n\t\t\t\tp1: 'SP Freiburg',\r\n\t\t\t},\r\n\t\t\tpayment_form: {\r\n\t\t\t\tdatenschutz: '<\/br><\/br><\/br>Das Bundesgesetz \u00fcber die politischen Rechte (BPR) verbietet die Annahme von anonymen Spenden. Wir sind deshalb verpflichtet die Postadresse abzufragen. Mit deiner Spende erkl\u00e4rst du dich einverstanden, dass die SP dich auf dem Laufenden halten darf. Mehr dazu <a href=\"https:\/\/www.sp-ps.ch\/datenschutz-policy\/\" target=\"_blank\">hier<\/a>. Die Spenden werden \u00fcber das Spendenformular und das Konto der SP Schweiz abgewickelt und dann der SP Freiburg \u00fcberwiesen.',\r\n\t\t\t},\r\n\t\t},\r\n\t\tfr: {\r\n\t\t\tpurposes: {\r\n\t\t\t\tp1: 'PS Fribourg',\r\n\t\t\t},\r\n\t\t\tpayment_form: {\r\n\t\t\t\tdatenschutz: '<\/br><\/br><\/br>La loi f\u00e9d\u00e9rale sur les droits politiques (LDP) interdit la r\u00e9ception de dons anonymes. Nous avons donc l\\'obligation de demander l\\'adresse postale. En faisant un don, vous acceptez que le PS vous tienne au courant de ses activit\u00e9s. En savoir plus <a href=\"https:\/\/www.sp-ps.ch\/fr\/politique-de-protection-des-donnees\/\" target=\"_blank\">ici<\/a>. Les dons seront trait\u00e9s via l\\\u2019outil de r\u00e9colte et le compte du PS Suisse, puis seront affect\u00e9s au PS fribourgeois.',\r\n\t\t\t},\r\n\t\t},\r\n\t},\r\n\r\n\t\/\/ Standard-Betr\u00e4ge setzen\r\n\tamounts: [10,25,50,100],\r\n\r\n\t\/\/ Stored_hidden_parameter aktivieren und setzen (optional)\r\n\tpaymentFormPrefill: {\r\n\t\tstored_customer_email_permission: true,\r\n\t\tstored_customer_donation_receipt: true,\r\n\t\tstored_customer_country: 'CH',\r\n\t\tstored_sxt_address_source: '1008',\r\n\t\t\/\/stored_hidden_parameter: 'myValue',\r\n\t},\r\n\r\n\t\/\/ Sonstige Konfigurationen (nur bei begr\u00fcndetem Bedarf anpassen)\r\n\ttestMode: false,\r\n\tdebug: false,\r\n\tpurposes: ['p1'],\r\n\tshowFields: {\r\n\t\t'stored_customer_email_permission': false,\r\n\t\t'stored_customer_donation_receipt': false,\r\n\t\t'stored_customer_birthdate': false\r\n\t},\r\n\tshowFooter: false,\r\n\tslots: {\r\n\t\tend: [{\r\n        \tcomponent: 'content',\r\n       \t\ttext_html: 'payment_form.datenschutz',\r\n\t\t}],\r\n\t},\r\n\tpaymentTypes: ['onetime'],\r\n\t\/\/minimumCustomAmount: [15],\r\n\t\/\/allowCustomAmount: true,\r\n\t\/\/layout: 'list',\r\n})\r\n<\/script>\r\n\r\n<style>\r\n\t\/*Prim\u00e4rfarben anpassen (optional)*\/\r\n\t:root {\r\n\t\t--tamaro-primary-color: #E4002B;\r\n\t\t--tamaro-primary-color__hover: rgba(228,0,43,0.75);\r\n\t\t--tamaro-primary-bg-color: rgba(228,0,43,0.03);\r\n\t\t--tamaro-border-color: #b5b5b5;\r\n\t\t\/*font-size: inherit;*\/\r\n\t}      \r\n<\/style>\t\t\t\t<\/div>\n\t\t\t\t<\/div>\n\t\t\t\t<div class=\"elementor-element elementor-element-8c33ea5 elementor-widget elementor-widget-spacer\" data-id=\"8c33ea5\" data-element_type=\"widget\" data-widget_type=\"spacer.default\">\n\t\t\t\t<div class=\"elementor-widget-container\">\n\t\t\t\t\t\t\t<div class=\"elementor-spacer\">\n\t\t\t<div class=\"elementor-spacer-inner\"><\/div>\n\t\t<\/div>\n\t\t\t\t\t\t<\/div>\n\t\t\t\t<\/div>\n\t\t\t\t\t<\/div>\n\t\t<\/div>\n\t\t\t\t\t<\/div>\n\t\t<\/section>\n\t\t\t\t<section class=\"elementor-section elementor-top-section elementor-element elementor-element-a4261d3 elementor-section-boxed elementor-section-height-default elementor-section-height-default\" data-id=\"a4261d3\" data-element_type=\"section\" data-settings=\"{&quot;jet_parallax_layout_list&quot;:[],&quot;background_background&quot;:&quot;gradient&quot;}\">\n\t\t\t\t\t\t<div class=\"elementor-container elementor-column-gap-wide\">\n\t\t\t\t\t<div class=\"elementor-column elementor-col-100 elementor-top-column elementor-element elementor-element-1ff3ed2\" data-id=\"1ff3ed2\" data-element_type=\"column\">\n\t\t\t<div class=\"elementor-widget-wrap elementor-element-populated\">\n\t\t\t\t\t\t<div class=\"elementor-element elementor-element-c55a1af elementor-widget elementor-widget-spacer\" data-id=\"c55a1af\" data-element_type=\"widget\" data-widget_type=\"spacer.default\">\n\t\t\t\t<div class=\"elementor-widget-container\">\n\t\t\t\t\t\t\t<div class=\"elementor-spacer\">\n\t\t\t<div class=\"elementor-spacer-inner\"><\/div>\n\t\t<\/div>\n\t\t\t\t\t\t<\/div>\n\t\t\t\t<\/div>\n\t\t\t\t<div class=\"elementor-element elementor-element-af41f6e elementor-widget elementor-widget-heading\" data-id=\"af41f6e\" data-element_type=\"widget\" data-widget_type=\"heading.default\">\n\t\t\t\t<div class=\"elementor-widget-container\">\n\t\t\t\t\t<h2 class=\"elementor-heading-title elementor-size-default\">Weitere Spende-M\u00f6glichkeiten<\/h2>\t\t\t\t<\/div>\n\t\t\t\t<\/div>\n\t\t\t\t\t<\/div>\n\t\t<\/div>\n\t\t\t\t\t<\/div>\n\t\t<\/section>\n\t\t\t\t<section class=\"elementor-section elementor-top-section elementor-element elementor-element-33601b6 elementor-section-boxed elementor-section-height-default elementor-section-height-default\" data-id=\"33601b6\" data-element_type=\"section\" data-settings=\"{&quot;jet_parallax_layout_list&quot;:[],&quot;background_background&quot;:&quot;classic&quot;}\">\n\t\t\t\t\t\t<div class=\"elementor-container elementor-column-gap-wide\">\n\t\t\t\t\t<div class=\"elementor-column elementor-col-100 elementor-top-column elementor-element elementor-element-fb91332\" data-id=\"fb91332\" data-element_type=\"column\">\n\t\t\t<div class=\"elementor-widget-wrap elementor-element-populated\">\n\t\t\t\t\t\t<div class=\"elementor-element elementor-element-54e7f9b elementor-widget elementor-widget-image\" data-id=\"54e7f9b\" data-element_type=\"widget\" data-widget_type=\"image.default\">\n\t\t\t\t<div class=\"elementor-widget-container\">\n\t\t\t\t\t\t\t\t\t\t\t\t\t\t\t\t<a href=\"https:\/\/ps-fr.ch\/spenden\/die-werte-der-sp-schweiz-weitergeben-mit-einem-legat\/\">\n\t\t\t\t\t\t\t<img fetchpriority=\"high\" decoding=\"async\" width=\"800\" height=\"567\" src=\"https:\/\/ps-fr.ch\/wp-content\/uploads\/2022\/08\/Testmentratgeber_de.png\" class=\"attachment-large size-large wp-image-71342\" alt=\"\" srcset=\"https:\/\/ps-fr.ch\/wp-content\/uploads\/2022\/08\/Testmentratgeber_de.png 900w, https:\/\/ps-fr.ch\/wp-content\/uploads\/2022\/08\/Testmentratgeber_de-300x213.png 300w, https:\/\/ps-fr.ch\/wp-content\/uploads\/2022\/08\/Testmentratgeber_de-768x544.png 768w\" sizes=\"(max-width: 800px) 100vw, 800px\" \/>\t\t\t\t\t\t\t\t<\/a>\n\t\t\t\t\t\t\t\t\t\t\t\t\t\t\t<\/div>\n\t\t\t\t<\/div>\n\t\t\t\t<div class=\"elementor-element elementor-element-e8d5c0e elementor-widget elementor-widget-heading\" data-id=\"e8d5c0e\" data-element_type=\"widget\" data-widget_type=\"heading.default\">\n\t\t\t\t<div class=\"elementor-widget-container\">\n\t\t\t\t\t<h3 class=\"elementor-heading-title elementor-size-default\">Erbschaften und Legate<\/h3>\t\t\t\t<\/div>\n\t\t\t\t<\/div>\n\t\t\t\t<div class=\"elementor-element elementor-element-0086db7 elementor-widget elementor-widget-text-editor\" data-id=\"0086db7\" data-element_type=\"widget\" data-widget_type=\"text-editor.default\">\n\t\t\t\t<div class=\"elementor-widget-container\">\n\t\t\t\t\t\t\t\t\t<p>Unser kostenloser Ratgeber \u00abWerte weitergeben\u00bb beantwortet die wichtigsten Fragen rund um das Testament und zeigt auf, wie die SP ber\u00fccksichtigt werden kann.<\/p>\t\t\t\t\t\t\t\t<\/div>\n\t\t\t\t<\/div>\n\t\t\t\t<div class=\"elementor-element elementor-element-d8687c6 elementor-widget elementor-widget-spps_button\" data-id=\"d8687c6\" data-element_type=\"widget\" data-widget_type=\"spps_button.default\">\n\t\t\t\t<div class=\"elementor-widget-container\">\n\t\t\t\t\t<div class=\"button-wrapper button-wrapper-left\"><a href=\"https:\/\/www.sp-ps.ch\/spenden\/die-werte-der-sp-schweiz-weitergeben-mit-einem-legat\/\"  target=\"_self\" class=\"button-link button-link-default\" >Mehr Informationen<\/a><\/div>\t\t\t\t<\/div>\n\t\t\t\t<\/div>\n\t\t\t\t\t<\/div>\n\t\t<\/div>\n\t\t\t\t\t<\/div>\n\t\t<\/section>\n\t\t\t\t<section class=\"elementor-section elementor-top-section elementor-element elementor-element-b10df8f elementor-section-boxed elementor-section-height-default elementor-section-height-default\" data-id=\"b10df8f\" data-element_type=\"section\" data-settings=\"{&quot;jet_parallax_layout_list&quot;:[],&quot;background_background&quot;:&quot;classic&quot;}\">\n\t\t\t\t\t\t<div class=\"elementor-container elementor-column-gap-wide\">\n\t\t\t\t\t<div class=\"elementor-column elementor-col-100 elementor-top-column elementor-element elementor-element-2bdba86\" data-id=\"2bdba86\" data-element_type=\"column\">\n\t\t\t<div class=\"elementor-widget-wrap elementor-element-populated\">\n\t\t\t\t\t\t<div class=\"elementor-element elementor-element-0211f53 elementor-widget elementor-widget-spacer\" data-id=\"0211f53\" data-element_type=\"widget\" data-widget_type=\"spacer.default\">\n\t\t\t\t<div class=\"elementor-widget-container\">\n\t\t\t\t\t\t\t<div class=\"elementor-spacer\">\n\t\t\t<div class=\"elementor-spacer-inner\"><\/div>\n\t\t<\/div>\n\t\t\t\t\t\t<\/div>\n\t\t\t\t<\/div>\n\t\t\t\t\t<\/div>\n\t\t<\/div>\n\t\t\t\t\t<\/div>\n\t\t<\/section>\n\t\t\t\t<\/div>\n\t\t","protected":false},"excerpt":{"rendered":"<p>Spenden Um unsere Projekte sowie unsere Wahl- und Abstimmungskampagnen finanzieren zu k\u00f6nnen sind wir auf Spenden angewiesen. So k\u00f6nnen wir den Millionen-Budgets der Wirtschaftsverb\u00e4nde und Lobby-Organisationen die Stirn bieten. F\u00fcr [&hellip;]<\/p>\n","protected":false},"author":1,"featured_media":0,"parent":0,"menu_order":6,"comment_status":"closed","ping_status":"closed","template":"","meta":{"footnotes":""},"class_list":["post-28","page","type-page","status-publish","hentry"],"_links":{"self":[{"href":"https:\/\/ps-fr.ch\/de\/wp-json\/wp\/v2\/pages\/28","targetHints":{"allow":["GET"]}}],"collection":[{"href":"https:\/\/ps-fr.ch\/de\/wp-json\/wp\/v2\/pages"}],"about":[{"href":"https:\/\/ps-fr.ch\/de\/wp-json\/wp\/v2\/types\/page"}],"author":[{"embeddable":true,"href":"https:\/\/ps-fr.ch\/de\/wp-json\/wp\/v2\/users\/1"}],"replies":[{"embeddable":true,"href":"https:\/\/ps-fr.ch\/de\/wp-json\/wp\/v2\/comments?post=28"}],"version-history":[{"count":12,"href":"https:\/\/ps-fr.ch\/de\/wp-json\/wp\/v2\/pages\/28\/revisions"}],"predecessor-version":[{"id":87408,"href":"https:\/\/ps-fr.ch\/de\/wp-json\/wp\/v2\/pages\/28\/revisions\/87408"}],"wp:attachment":[{"href":"https:\/\/ps-fr.ch\/de\/wp-json\/wp\/v2\/media?parent=28"}],"curies":[{"name":"wp","href":"https:\/\/api.w.org\/{rel}","templated":true}]}}