{"id":353,"date":"2022-01-17T14:11:28","date_gmt":"2022-01-17T13:11:28","guid":{"rendered":"https:\/\/test.sp-ps.ch\/?page_id=353"},"modified":"2025-02-13T13:49:51","modified_gmt":"2025-02-13T12:49:51","slug":"praesidium","status":"publish","type":"page","link":"https:\/\/ps-fr.ch\/de\/partei\/praesidium\/","title":{"rendered":"Pr\u00e4sidium und Sekretariat"},"content":{"rendered":"\t\t<div data-elementor-type=\"wp-page\" data-elementor-id=\"353\" class=\"elementor elementor-353\" data-elementor-post-type=\"page\">\n\t\t\t\t\t\t<section class=\"elementor-section elementor-top-section elementor-element elementor-element-82ff2e0 elementor-section-boxed elementor-section-height-default elementor-section-height-default\" data-id=\"82ff2e0\" data-element_type=\"section\" data-settings=\"{&quot;jet_parallax_layout_list&quot;:[],&quot;background_background&quot;:&quot;classic&quot;}\">\n\t\t\t\t\t\t<div class=\"elementor-container elementor-column-gap-wide\">\n\t\t\t\t\t<div class=\"elementor-column elementor-col-100 elementor-top-column elementor-element elementor-element-d0e11ff\" data-id=\"d0e11ff\" data-element_type=\"column\">\n\t\t\t<div class=\"elementor-widget-wrap elementor-element-populated\">\n\t\t\t\t\t\t<div class=\"elementor-element elementor-element-483ae83 elementor-widget elementor-widget-heading\" data-id=\"483ae83\" data-element_type=\"widget\" data-widget_type=\"heading.default\">\n\t\t\t\t<div class=\"elementor-widget-container\">\n\t\t\t\t\t<h1 class=\"elementor-heading-title elementor-size-default\">Pr\u00e4sidium<\/h1>\t\t\t\t<\/div>\n\t\t\t\t<\/div>\n\t\t\n\t\t<div class=\"elementor-element elementor-element-ac7525f elementor-widget elementor-widget-jet-breadcrumbs\" data-id=\"ac7525f\" data-element_type=\"widget\" data-widget_type=\"jet-breadcrumbs.default\">\n\t\t\t\t<div class=\"elementor-widget-container\">\n\t\t\t\t\t<div class=\"elementor-jet-breadcrumbs jet-blocks\">\n\t\t<div class=\"jet-breadcrumbs\">\n\t\t<div class=\"jet-breadcrumbs__content\">\n\t\t<div class=\"jet-breadcrumbs__wrap\">\n\t\t<\/div>\n\t\t<\/div>\n\t\t<\/div><\/div>\t\t\t\t<\/div>\n\t\t\t\t<\/div>\n\t\t\t\t<div class=\"elementor-element elementor-element-05c3dff elementor-widget__width-initial elementor-widget elementor-widget-text-editor\" data-id=\"05c3dff\" data-element_type=\"widget\" data-widget_type=\"text-editor.default\">\n\t\t\t\t<div class=\"elementor-widget-container\">\n\t\t\t\t\t\t\t\t\t<p>Das Pr\u00e4sidium ist das operative F\u00fchrungsorgan der Partei und f\u00fcr das mittelfristige politische Tagesgesch\u00e4ft verantwortlich. Das Pr\u00e4sidium setzt sich aus dem Pr\u00e4sidenten oder der Pr\u00e4sidentin, den Vizepr\u00e4sidentinnen und Vizepr\u00e4sidenten, dem Fraktionspr\u00e4sidenten und dem Generalsekretariat zusammen.<\/p>\t\t\t\t\t\t\t\t<\/div>\n\t\t\t\t<\/div>\n\t\t\t\t\t<\/div>\n\t\t<\/div>\n\t\t\t\t\t<\/div>\n\t\t<\/section>\n\t\t\t\t<section class=\"elementor-section elementor-top-section elementor-element elementor-element-60629ef elementor-section-boxed elementor-section-height-default elementor-section-height-default\" data-id=\"60629ef\" data-element_type=\"section\" data-settings=\"{&quot;jet_parallax_layout_list&quot;:[]}\">\n\t\t\t\t\t\t<div class=\"elementor-container elementor-column-gap-wide\">\n\t\t\t\t\t<div class=\"elementor-column elementor-col-100 elementor-top-column elementor-element elementor-element-c882060\" data-id=\"c882060\" data-element_type=\"column\">\n\t\t\t<div class=\"elementor-widget-wrap elementor-element-populated\">\n\t\t\t\t\t\t<div class=\"elementor-element elementor-element-0272a35 elementor-widget elementor-widget-spps_person_grid\" data-id=\"0272a35\" data-element_type=\"widget\" data-widget_type=\"spps_person_grid.default\">\n\t\t\t\t<div class=\"elementor-widget-container\">\n\t\t\t\t\t<div class=\"button-list-wrapper wrapper-spacing-default\"><div class=\"button-list-title\"><h2>Pr\u00e4sident:in<\/h2><\/div><div class=\"button-list-container\"><div class=\"persons persons-grid-2\"><div class=\"persons-items\"><div class=\"persons-item\"><div class=\"person-container\"><div class=\"person-portrait\"><a href=\"https:\/\/ps-fr.ch\/de\/person\/person-thomas-gremaud\/\"><img decoding=\"async\" src=\"https:\/\/ps-fr.ch\/wp-content\/uploads\/2023\/01\/2025_PS_Gremaud_Photo-Julie-Folly_01-600x600.jpg?v=1775813135\" alt=\"Thomas Gremaud\" loading=\"lazy\"><\/a><\/div><div class=\"person-content\"><a href=\"https:\/\/ps-fr.ch\/de\/person\/person-thomas-gremaud\/\" class=\"person-name\"><p><strong>Thomas Gremaud<\/strong><\/p><\/a><p class=\"person-position\">Pr\u00e4sident der Freiburger SP<\/p><ul class=\"person-kontakt list-pills list-pills-grey\"><li><a href=\"tel:+41791088256\">+41 79 108 82 56<\/a><\/li><li><a href=\"mailto:thomas.gremaud@ps-fr.ch\">E-Mail<\/a><\/li><\/ul><\/div><\/div><\/div><\/div><\/div><\/div><\/div>\t\t\t\t<\/div>\n\t\t\t\t<\/div>\n\t\t\t\t<div class=\"elementor-element elementor-element-993b46a elementor-widget elementor-widget-spps_person_grid\" data-id=\"993b46a\" data-element_type=\"widget\" data-widget_type=\"spps_person_grid.default\">\n\t\t\t\t<div class=\"elementor-widget-container\">\n\t\t\t\t\t<div class=\"button-list-wrapper wrapper-spacing-default\"><div class=\"button-list-title\"><h2>Vizepr\u00e4sident:innen<\/h2><\/div><div class=\"button-list-container\"><div class=\"persons persons-grid-2\"><div class=\"persons-items\"><div class=\"persons-item\"><div class=\"person-container\"><div class=\"person-portrait\"><a href=\"https:\/\/ps-fr.ch\/de\/person\/person-gregoire-kubski\/\"><img decoding=\"async\" src=\"https:\/\/ps-fr.ch\/wp-content\/uploads\/2023\/04\/gregoire-600x600.jpg?v=1680480020\" alt=\"Gr\u00e9goire Kubski\" loading=\"lazy\"><\/a><\/div><div class=\"person-content\"><a href=\"https:\/\/ps-fr.ch\/de\/person\/person-gregoire-kubski\/\" class=\"person-name\"><p><strong>Gr\u00e9goire Kubski<\/strong><\/p><\/a><p class=\"person-position\">Vize-Pr\u00e4sident SP Freiburg, Grossrat<\/p><ul class=\"person-kontakt list-pills list-pills-grey\"><li><a href=\"mailto:gregoire.kubski@gmail.com\">E-Mail<\/a><\/li><\/ul><\/div><\/div><\/div><div class=\"persons-item\"><div class=\"person-container\"><div class=\"person-portrait\"><a href=\"https:\/\/ps-fr.ch\/de\/person\/person-adrian-leuthard\/\"><img decoding=\"async\" src=\"https:\/\/ps-fr.ch\/wp-content\/uploads\/2023\/04\/adrian_leuthard_1_0-600x600.jpg?v=1680480217\" alt=\"Adrian Leuthard\" loading=\"lazy\"><\/a><\/div><div class=\"person-content\"><a href=\"https:\/\/ps-fr.ch\/de\/person\/person-adrian-leuthard\/\" class=\"person-name\"><p><strong>Adrian Leuthard<\/strong><\/p><\/a><p class=\"person-position\">Vizepr\u00e4sident der Freiburger SP<\/p><ul class=\"person-kontakt list-pills list-pills-grey\"><li><a href=\"mailto:adrian.leuthard@mac.com\">E-Mail<\/a><\/li><\/ul><\/div><\/div><\/div><div class=\"persons-item\"><div class=\"person-container\"><div class=\"person-portrait\"><a href=\"https:\/\/ps-fr.ch\/de\/person\/person-rose-marie-rodriguez-ortiz\/\"><img decoding=\"async\" src=\"https:\/\/ps-fr.ch\/wp-content\/uploads\/2023\/04\/rose-marie_0-600x600.jpg?v=1680479826\" alt=\"Rose-Marie Rodriguez-Ortiz\" loading=\"lazy\"><\/a><\/div><div class=\"person-content\"><a href=\"https:\/\/ps-fr.ch\/de\/person\/person-rose-marie-rodriguez-ortiz\/\" class=\"person-name\"><p><strong>Rose-Marie Rodriguez-Ortiz<\/strong><\/p><\/a><p class=\"person-position\">Vize-Pr\u00e4sidentin SP Freiburg, Grossr\u00e4tin<\/p><ul class=\"person-kontakt list-pills list-pills-grey\"><li><a href=\"mailto:rmr65@sunrise.ch\">E-Mail<\/a><\/li><\/ul><\/div><\/div><\/div><\/div><\/div><\/div><\/div>\t\t\t\t<\/div>\n\t\t\t\t<\/div>\n\t\t\t\t<div class=\"elementor-element elementor-element-460bc14 elementor-widget elementor-widget-spps_person_grid\" data-id=\"460bc14\" data-element_type=\"widget\" data-widget_type=\"spps_person_grid.default\">\n\t\t\t\t<div class=\"elementor-widget-container\">\n\t\t\t\t\t<div class=\"button-list-wrapper wrapper-spacing-default\"><div class=\"button-list-title\"><h2>Generalsekretariat<\/h2><\/div><div class=\"button-list-container\"><div class=\"persons persons-grid-2\"><div class=\"persons-items\"><div class=\"persons-item\"><div class=\"person-container\"><div class=\"person-portrait\"><a href=\"https:\/\/ps-fr.ch\/de\/person\/person-anais-eberle\/\"><img decoding=\"async\" src=\"https:\/\/ps-fr.ch\/wp-content\/uploads\/2023\/04\/anais_eberle-600x600.png?v=1680480243\" alt=\"Ana\u00efs Eberle\" loading=\"lazy\"><\/a><\/div><div class=\"person-content\"><a href=\"https:\/\/ps-fr.ch\/de\/person\/person-anais-eberle\/\" class=\"person-name\"><p><strong>Ana\u00efs Eberle<\/strong><\/p><\/a><p class=\"person-position\">Kantonale Sekret\u00e4rin<\/p><\/div><\/div><\/div><div class=\"persons-item\"><div class=\"person-container\"><div class=\"person-portrait\"><a href=\"https:\/\/ps-fr.ch\/de\/person\/person-leo-tinguely-0\/\"><img decoding=\"async\" src=\"https:\/\/ps-fr.ch\/wp-content\/uploads\/2023\/01\/Capture-decran-2024-02-19-a-13.58.31-600x600.png?v=1708347527\" alt=\"L\u00e9o Tinguely\" loading=\"lazy\"><\/a><\/div><div class=\"person-content\"><a href=\"https:\/\/ps-fr.ch\/de\/person\/person-leo-tinguely-0\/\" class=\"person-name\"><p><strong>L\u00e9o Tinguely<\/strong><\/p><\/a><p class=\"person-position\">Politischer Sekret\u00e4r<\/p><ul class=\"person-kontakt list-pills list-pills-grey\"><li><a href=\"tel:+41763971641\">+41 76 397 16 41<\/a><\/li><li><a href=\"mailto:leo.tinguely@ps-fr.ch\">E-Mail<\/a><\/li><\/ul><\/div><\/div><\/div><\/div><\/div><\/div><\/div>\t\t\t\t<\/div>\n\t\t\t\t<\/div>\n\t\t\t\t\t<\/div>\n\t\t<\/div>\n\t\t\t\t\t<\/div>\n\t\t<\/section>\n\t\t\t\t<section class=\"elementor-section elementor-top-section elementor-element elementor-element-b2fcdf2 elementor-section-boxed elementor-section-height-default elementor-section-height-default\" data-id=\"b2fcdf2\" data-element_type=\"section\" data-settings=\"{&quot;jet_parallax_layout_list&quot;:[]}\">\n\t\t\t\t\t\t<div class=\"elementor-container elementor-column-gap-default\">\n\t\t\t\t\t<div class=\"elementor-column elementor-col-100 elementor-top-column elementor-element elementor-element-e8e6c4f\" data-id=\"e8e6c4f\" data-element_type=\"column\">\n\t\t\t<div class=\"elementor-widget-wrap elementor-element-populated\">\n\t\t\t\t\t\t<div class=\"elementor-element elementor-element-1f2c3c3 elementor-widget elementor-widget-heading\" data-id=\"1f2c3c3\" data-element_type=\"widget\" data-widget_type=\"heading.default\">\n\t\t\t\t<div class=\"elementor-widget-container\">\n\t\t\t\t\t<h2 class=\"elementor-heading-title elementor-size-default\"><span style=\"font-size: 19px\">Kantonalsekretariat<\/span><br><p style=\"font-size: 19px\"><span style=\"color: var( --e-global-color-primary );font-family: var( --e-global-typography-primary-font-family ), Sans-serif;font-weight: 400\">Route de la Fonderie 2, 1700 Fribourg<\/span><\/p><p style=\"font-size: 19px\"><span style=\"font-weight: 400\">info@ps-fr.ch<br>+41 26 422 26 76<\/span><\/p><p style=\"font-size: 19px;font-weight: 400\"><span style=\"font-weight: 600\">Telefonische Erreichbarkeit des Sekretariats:<\/span><\/p><p style=\"font-size: 19px;font-weight: 400\">Montag: 08h15-11h30 \/ 13h30-15h30<\/p><p style=\"font-size: 19px;font-weight: 400\">Mittwoch: 08h15-11h30<\/p><span style=\"font-size: 19px;font-weight: 400;color: var( --e-global-color-primary );font-family: var( --e-global-typography-primary-font-family ), Sans-serif\">Donnerstag: 08h15-11h30 \/ 13h30-15h30<\/span><\/h2>\t\t\t\t<\/div>\n\t\t\t\t<\/div>\n\t\t\t\t\t<\/div>\n\t\t<\/div>\n\t\t\t\t\t<\/div>\n\t\t<\/section>\n\t\t\t\t<\/div>\n\t\t","protected":false},"excerpt":{"rendered":"<p>Pr\u00e4sidium Das Pr\u00e4sidium ist das operative F\u00fchrungsorgan der Partei und f\u00fcr das mittelfristige politische Tagesgesch\u00e4ft verantwortlich. Das Pr\u00e4sidium setzt sich aus dem Pr\u00e4sidenten oder der Pr\u00e4sidentin, den Vizepr\u00e4sidentinnen und Vizepr\u00e4sidenten, [&hellip;]<\/p>\n","protected":false},"author":1,"featured_media":0,"parent":16,"menu_order":1,"comment_status":"closed","ping_status":"closed","template":"","meta":{"footnotes":""},"class_list":["post-353","page","type-page","status-publish","hentry"],"_links":{"self":[{"href":"https:\/\/ps-fr.ch\/de\/wp-json\/wp\/v2\/pages\/353","targetHints":{"allow":["GET"]}}],"collection":[{"href":"https:\/\/ps-fr.ch\/de\/wp-json\/wp\/v2\/pages"}],"about":[{"href":"https:\/\/ps-fr.ch\/de\/wp-json\/wp\/v2\/types\/page"}],"author":[{"embeddable":true,"href":"https:\/\/ps-fr.ch\/de\/wp-json\/wp\/v2\/users\/1"}],"replies":[{"embeddable":true,"href":"https:\/\/ps-fr.ch\/de\/wp-json\/wp\/v2\/comments?post=353"}],"version-history":[{"count":10,"href":"https:\/\/ps-fr.ch\/de\/wp-json\/wp\/v2\/pages\/353\/revisions"}],"predecessor-version":[{"id":87810,"href":"https:\/\/ps-fr.ch\/de\/wp-json\/wp\/v2\/pages\/353\/revisions\/87810"}],"up":[{"embeddable":true,"href":"https:\/\/ps-fr.ch\/de\/wp-json\/wp\/v2\/pages\/16"}],"wp:attachment":[{"href":"https:\/\/ps-fr.ch\/de\/wp-json\/wp\/v2\/media?parent=353"}],"curies":[{"name":"wp","href":"https:\/\/api.w.org\/{rel}","templated":true}]}}