{"id":3835,"date":"2022-05-24T13:27:15","date_gmt":"2022-05-24T11:27:15","guid":{"rendered":"https:\/\/test.sp-ps.ch\/?page_id=3835"},"modified":"2023-09-27T12:27:35","modified_gmt":"2023-09-27T10:27:35","slug":"impressum","status":"publish","type":"page","link":"https:\/\/ps-fr.ch\/de\/impressum\/","title":{"rendered":"Impressum"},"content":{"rendered":"\t\t<div data-elementor-type=\"wp-page\" data-elementor-id=\"3835\" class=\"elementor elementor-3835\" data-elementor-post-type=\"page\">\n\t\t\t\t\t\t<section class=\"elementor-section elementor-top-section elementor-element elementor-element-6cb11f5 elementor-section-boxed elementor-section-height-default elementor-section-height-default\" data-id=\"6cb11f5\" data-element_type=\"section\" data-settings=\"{&quot;jet_parallax_layout_list&quot;:[]}\">\n\t\t\t\t\t\t<div class=\"elementor-container elementor-column-gap-default\">\n\t\t\t\t\t<div class=\"elementor-column elementor-col-100 elementor-top-column elementor-element elementor-element-48135dc\" data-id=\"48135dc\" data-element_type=\"column\">\n\t\t\t<div class=\"elementor-widget-wrap elementor-element-populated\">\n\t\t\t\t\t\t<div class=\"elementor-element elementor-element-3d06b84 elementor-widget elementor-widget-heading\" data-id=\"3d06b84\" data-element_type=\"widget\" data-widget_type=\"heading.default\">\n\t\t\t\t<div class=\"elementor-widget-container\">\n\t\t\t\t\t<h2 class=\"elementor-heading-title elementor-size-default\">Impressum<\/h2>\t\t\t\t<\/div>\n\t\t\t\t<\/div>\n\t\t\n\t\t<div class=\"elementor-element elementor-element-65268a4 elementor-widget elementor-widget-spps_title_text\" data-id=\"65268a4\" data-element_type=\"widget\" data-widget_type=\"spps_title_text.default\">\n\t\t\t\t<div class=\"elementor-widget-container\">\n\t\t\t\t\t<div class=\"title-text-wrapper \"><div class=\"title-text-container\"><div class=\"title-text-text\"><div class=\"body\"><div class=\"elementor-element elementor-element-65268a4 elementor-widget elementor-widget-spps_title_text\" data-id=\"65268a4\" data-element_type=\"widget\" data-widget_type=\"spps_title_text.default\"><div class=\"elementor-widget-container\"><div class=\"title-text-wrapper \"><div class=\"title-text-container\"><div class=\"title-text-text\"><div class=\"body\"><p>Sozialdemokratische Partei der Schweiz<\/p><p>Sozialistische Partei Freiburgs<br \/>rte de la Fonderie 2<br \/>Postfach 196<br \/>1705 Freiburg<\/p><p>Telefon 031 329 69 69<br \/>Telefax 031 329 69 70<\/p><p>Mail: <a href=\"mailto:info@ps-fr.ch\">info@ps-fr.ch<\/a><\/p><p>Diese Website wurde realisiert von <a href=\"https:\/\/pr24.ch\/\" target=\"_blank\" rel=\"noopener\">pr24<\/a>.<\/p><p><strong>Datenschutz:<\/strong><\/p><p><em>Matomo<\/em><\/p><p>Auf dieser Website und anderen Webseiten der SP Schweiz werden unter Einsatz der Webanalysedienst-Software Matomo (www.matomo.org), einem Dienst des Anbieters InnoCraft Ltd., 150 Willis St, 6011 Wellington, Neuseeland, (\u201eMataomo\u201c) auf Basis unseres berechtigten Interesses an der statistischen Analyse des Nutzerverhaltens zu Optimierungs- und Marketingzwecken gem\u00e4\u00df Art. 6 Abs. 1 lit. f DSGVO Daten gesammelt und gespeichert. Aus diesen Daten k\u00f6nnen zum selben Zweck pseudonymisierte Nutzungsprofile erstellt und ausgewertet werden. Hierzu k\u00f6nnen Cookies eingesetzt werden. Bei Cookies handelt es sich um kleine Textdateien, die lokal im Zwischenspeicher des Internet-Browsers des Seitenbesuchers gespeichert werden. Die Cookies erm\u00f6glichen unter anderem die Wiedererkennung des Internet-Browsers. Die mit der Matomo-Technologie erhobenen Daten (einschliesslich Ihrer pseudonymisierten IP-Adresse) werden auf unseren Servern verarbeitet.<br \/>Die durch das Cookie erzeugten Informationen im pseudonymen Nutzerprofil werden nicht dazu benutzt, den Besucher dieser Website pers\u00f6nlich zu identifizieren und nicht mit personenbezogenen Daten \u00fcber den Tr\u00e4ger des Pseudonyms zusammengef\u00fchrt.<br \/>Wenn Sie mit der Speicherung und Auswertung dieser Daten aus Ihrem Besuch nicht einverstanden sind, dann k\u00f6nnen Sie der Speicherung und Nutzung nachfolgend per Mausklick jederzeit widersprechen. In diesem Fall wird in Ihrem Browser ein sog. Opt-Out-Cookie abgelegt, was zur Folge hat, dass Matomo keinerlei Sitzungsdaten erhebt. Bitte beachten Sie, dass die vollst\u00e4ndige L\u00f6schung Ihrer Cookies zur Folge hat, dass auch das Opt-Out-Cookie gel\u00f6scht wird und ggf. von Ihnen erneut aktiviert werden muss.<\/p><div id=\"matomo-opt-out\"><p>Vous pouvez vous opposer au suivi de votre navigation sur ce site web. Cela prot\u00e9gera votre vie priv\u00e9e, mais emp\u00eachera \u00e9galement le propri\u00e9taire d'apprendre de vos actions et de cr\u00e9er une meilleure exp\u00e9rience pour vous et les autres utilisateurs.<\/p><input id=\"trackVisits\" checked=\"checked\" type=\"checkbox\" \/><label for=\"trackVisits\"><strong>Vous n'\u00eates pas exclu(e). D\u00e9cochez cette case pour vous exclure.<\/strong><\/label><\/div><p>\u00a0<\/p><p><em>Google Analytics<\/em><\/p><p>Seit Juni 2019 verwenden wir Google Analytics nicht mehr.<\/p><p><em>Cookies und Log-Files<\/em><\/p><p>Wie quasi alle Websiten zeichnet unser Webserver personenunabh\u00e4ngige Daten wie z.B. die Browser-Version, die besuchte Seite sowie die verwendete IP-Adresse auf. Unsere Seite kann zur Sicherstellung der Funktionalit\u00e4t auch Cookies verwenden.<\/p><p>Wir k\u00f6nnen aus diesen Daten keine R\u00fcckschl\u00fcsse darauf ziehen, welche Person unsere Seite besucht hat. Die Daten k\u00f6nnen zur Erbringung und Verbesserung der Funktionalit\u00e4t unserer Seite verwendet oder im Falle eines digitalen Angriffs auf unsere Seite im Rahmen der geltenden Gesetzgebung zur Unterst\u00fctzung der Strafverfolgungsbeh\u00f6rden zur Verf\u00fcgung gestellt werden.<\/p><p><em>Schutz vor DDoS-Attacken<\/em><\/p><p>Aufgrund von Vorf\u00e4llen in der Vergangenheit sind wir gezwungen, unsere Website gegen DDoS-Attacken zu sichern. Dies wird durch den Dienstleister Cloudflare Inc. sichergestellt. <a href=\"https:\/\/www.cloudflare.com\/security-policy\/\">Hier<\/a> finden sich die Datenschutzbestimmungen von Cloudflare.<\/p><p><em>Social-Media-Plugins<\/em><\/p><p>Unsere Website kann Plugins von Social-Media-Anbietern verwenden (z.B. der Twitter-Feed auf der Startseite). Falls eine Person w\u00e4hrend dem Besuch unserer Seite auf der entsprechenden Social-Media-Plattform eingeloggt ist, kann der entsprechende Anbieter R\u00fcckschl\u00fcsse auf das Surf-Verhalten ziehen. Wir empfehlen deshalb, sich aus den entsprechenden Plattformen auszuloggen, wenn Sie den Dienst nicht verwenden.<\/p><p><em>Social-Media-Sharing-Buttons<\/em><\/p><p>Anders als die von den Betreibern der sozialen Netze angebotenen Sharing-Buttons, die schon beim Laden einer Seite Daten an die Betreiber \u00fcbertragen, bettet die SP Schweiz zun\u00e4chst deaktivierte Schaltfl\u00e4che zum Liken\/+1\/Tweeten ein. Die Daten der Besucher werden dadurch nicht ohne deren Zustimmung an die Betreiber der Netzwerk-Plattformen gesendet. Erst wenn der Anwender den jeweiligen Button aktiviert (womit noch kein Sharing verbunden ist), gibt er seine Zustimmung zur Kommunikation mit Facebook, Google+ und Twitter.<\/p><p><em>Spenden \/ Raisenow<\/em><\/p><p>RaiseNow gew\u00e4hrleistet ein sicheres und einfaches Bezahlen und Spenden im Internet. Die zertifizierte E-Payment-Plattform ist speziell f\u00fcr gemeinn\u00fctzige Organisationen und Hilfswerke entwickelt worden.\u00a0Die SP Schweiz und Raisenow erheben und verarbeiten Ihre Daten zur Abwicklung Ihrer Spende, zur Pflege der Spenderbeziehung und um Ihnen Informationen \u00fcber die aktuellen Projekte der SP zuzusenden. Beteiligte Kreditinstitute erhalten Ihre Daten nur, wenn es f\u00fcr die Abwicklung der Zahlung erforderlich ist.<\/p><\/div><\/div><\/div><\/div><\/div><\/div><\/div><\/div><\/div><\/div>\t\t\t\t<\/div>\n\t\t\t\t<\/div>\n\t\t\t\t\t<\/div>\n\t\t<\/div>\n\t\t\t\t\t<\/div>\n\t\t<\/section>\n\t\t\t\t<\/div>\n\t\t","protected":false},"excerpt":{"rendered":"<p>Impressum Sozialdemokratische Partei der Schweiz Sozialistische Partei Freiburgsrte de la Fonderie 2Postfach 1961705 Freiburg Telefon 031 329 69 69Telefax 031 329 69 70 Mail: info@ps-fr.ch Diese Website wurde realisiert von [&hellip;]<\/p>\n","protected":false},"author":1,"featured_media":0,"parent":0,"menu_order":11,"comment_status":"closed","ping_status":"closed","template":"","meta":{"footnotes":""},"class_list":["post-3835","page","type-page","status-publish","hentry"],"_links":{"self":[{"href":"https:\/\/ps-fr.ch\/de\/wp-json\/wp\/v2\/pages\/3835","targetHints":{"allow":["GET"]}}],"collection":[{"href":"https:\/\/ps-fr.ch\/de\/wp-json\/wp\/v2\/pages"}],"about":[{"href":"https:\/\/ps-fr.ch\/de\/wp-json\/wp\/v2\/types\/page"}],"author":[{"embeddable":true,"href":"https:\/\/ps-fr.ch\/de\/wp-json\/wp\/v2\/users\/1"}],"replies":[{"embeddable":true,"href":"https:\/\/ps-fr.ch\/de\/wp-json\/wp\/v2\/comments?post=3835"}],"version-history":[{"count":3,"href":"https:\/\/ps-fr.ch\/de\/wp-json\/wp\/v2\/pages\/3835\/revisions"}],"predecessor-version":[{"id":87197,"href":"https:\/\/ps-fr.ch\/de\/wp-json\/wp\/v2\/pages\/3835\/revisions\/87197"}],"wp:attachment":[{"href":"https:\/\/ps-fr.ch\/de\/wp-json\/wp\/v2\/media?parent=3835"}],"curies":[{"name":"wp","href":"https:\/\/api.w.org\/{rel}","templated":true}]}}