
{"id":85598,"date":"2017-03-13T00:00:00","date_gmt":"2017-03-12T23:00:00","guid":{"rendered":"https:\/\/spfr.spschweiz.ch\/sp-bezirk-see\/"},"modified":"2017-03-13T00:00:00","modified_gmt":"2017-03-12T23:00:00","slug":"sp-bezirk-see","status":"publish","type":"page","link":"https:\/\/ps-fr.ch\/de\/sp-bezirk-see\/","title":{"rendered":"SP Bezirk See"},"content":{"rendered":"\t\t<div data-elementor-type=\"wp-post\" data-elementor-id=\"85598\" class=\"elementor elementor-85598\" data-elementor-post-type=\"page\">\n\t\t\t\t\t\t<section class=\"elementor-section elementor-top-section elementor-element elementor-element-642b70caac76b elementor-section-boxed elementor-section-height-default elementor-section-height-default\" data-id=\"642b70caac76b\" data-element_type=\"section\" data-settings=\"{&quot;jet_parallax_layout_list&quot;:[]}\">\n\t\t\t\t\t\t<div class=\"elementor-container elementor-column-gap-no\">\n\t\t\t\t\t<div class=\"elementor-column elementor-col-100 elementor-top-column elementor-element elementor-element-642b70caac76c\" data-id=\"642b70caac76c\" data-element_type=\"column\">\n\t\t\t<div class=\"elementor-widget-wrap elementor-element-populated\">\n\t\t\t\t\t\t<div class=\"elementor-element elementor-element-642b70caac766 elementor-widget elementor-widget-text-editor\" data-id=\"642b70caac766\" data-element_type=\"widget\" data-widget_type=\"text-editor.default\">\n\t\t\t\t<div class=\"elementor-widget-container\">\n\t\t\t\t\t\t\t\t\t<p>Der SP Bezirk See ist von&nbsp;<a href=\"mailto:bernadette.haenni@bluewin.ch\">C<\/a><a href=\"http:\/\/mueller.chantal@gmail.com\">hantal M&uuml;ller<\/a>&nbsp;und <a href=\"mailto:ch.savoy@bluewin.ch\">Christoph Savoy<\/a> pr&auml;sidiert und ist in 4 Regionen unterteilt.&nbsp;<p><br><a href=\"http:\/\/www.sp-see.ch\/de\">Webseite der Bezirk<\/a><\/p><h3><u>Die Regionen<\/u><\/h3><p>Morat<br>Chi&egrave;tres<br>Haut-Lac<br>Vully<\/p><\/p>\n\t\t\t\t\t\t\t\t<\/div>\n\t\t\t\t<\/div>\n\t\t\t\t\t<\/div>\n\t\t<\/div>\n\t\t\t\t\t<\/div>\n\t\t<\/section>\n\t\t\t\t<\/div>\n\t\t","protected":false},"excerpt":{"rendered":"<p>Der SP Bezirk See ist von&nbsp;Chantal M\u00fcller&nbsp;und Christoph Savoy pr\u00e4sidiert und ist in 4 Regionen unterteilt.&nbsp; Webseite der Bezirk Die Regionen MoratChi\u00e8tresHaut-LacVully<\/p>\n","protected":false},"author":4,"featured_media":0,"parent":0,"menu_order":0,"comment_status":"closed","ping_status":"closed","template":"","meta":{"footnotes":""},"class_list":["post-85598","page","type-page","status-publish","hentry"],"_links":{"self":[{"href":"https:\/\/ps-fr.ch\/de\/wp-json\/wp\/v2\/pages\/85598","targetHints":{"allow":["GET"]}}],"collection":[{"href":"https:\/\/ps-fr.ch\/de\/wp-json\/wp\/v2\/pages"}],"about":[{"href":"https:\/\/ps-fr.ch\/de\/wp-json\/wp\/v2\/types\/page"}],"author":[{"embeddable":true,"href":"https:\/\/ps-fr.ch\/de\/wp-json\/wp\/v2\/users\/4"}],"replies":[{"embeddable":true,"href":"https:\/\/ps-fr.ch\/de\/wp-json\/wp\/v2\/comments?post=85598"}],"version-history":[{"count":0,"href":"https:\/\/ps-fr.ch\/de\/wp-json\/wp\/v2\/pages\/85598\/revisions"}],"wp:attachment":[{"href":"https:\/\/ps-fr.ch\/de\/wp-json\/wp\/v2\/media?parent=85598"}],"curies":[{"name":"wp","href":"https:\/\/api.w.org\/{rel}","templated":true}]}}