{"id":85600,"date":"2017-03-13T00:00:00","date_gmt":"2017-03-12T23:00:00","guid":{"rendered":"https:\/\/spfr.spschweiz.ch\/sp-bezirk-sense\/"},"modified":"2017-03-13T00:00:00","modified_gmt":"2017-03-12T23:00:00","slug":"sp-bezirk-sense","status":"publish","type":"page","link":"https:\/\/ps-fr.ch\/de\/sp-bezirk-sense\/","title":{"rendered":"SP Bezirk Sense"},"content":{"rendered":"\t\t<div data-elementor-type=\"wp-post\" data-elementor-id=\"85600\" class=\"elementor elementor-85600\" data-elementor-post-type=\"page\">\n\t\t\t\t\t\t<section class=\"elementor-section elementor-top-section elementor-element elementor-element-642b70cada717 elementor-section-boxed elementor-section-height-default elementor-section-height-default\" data-id=\"642b70cada717\" data-element_type=\"section\" data-settings=\"{&quot;jet_parallax_layout_list&quot;:[]}\">\n\t\t\t\t\t\t<div class=\"elementor-container elementor-column-gap-no\">\n\t\t\t\t\t<div class=\"elementor-column elementor-col-100 elementor-top-column elementor-element elementor-element-642b70cada718\" data-id=\"642b70cada718\" data-element_type=\"column\">\n\t\t\t<div class=\"elementor-widget-wrap elementor-element-populated\">\n\t\t\t\t\n\t\t<div class=\"elementor-element elementor-element-642b70cada711 elementor-widget elementor-widget-text-editor\" data-id=\"642b70cada711\" data-element_type=\"widget\" data-widget_type=\"text-editor.default\">\n\t\t\t\t<div class=\"elementor-widget-container\">\n\t\t\t\t\t\t\t\t\t<p>Der Bezirk SP Sense ist von <a href=\"mailto:gburgy@yahoo.com\">G&eacute;raldine B&uuml;rgy<\/a>&nbsp;pr&auml;sidiert. Sie enth&auml;lt 6 Sektionen.<p><br><a href=\"https:\/\/www.sp-sense.ch\/kontakt\/sp-sense\">www.sp-sense.ch<\/a><\/p><p>&nbsp;<\/p><h3><u>Die Sektionen<\/u><\/h3><p>SP B&ouml;singen, Kontakt&nbsp;<a href=\"mailto:www.sp-boesingen.ch\">Urs Sch&uuml;rch, Pr&auml;sident<\/a><br>SP D&uuml;dingen, Kontakt <a href=\"mailto:sandy.weder@fr.educanet2.ch\">Sandy Weder<\/a> und <a href=\"mailto:anita.gasser@sensemail.ch\">Anita Gasser<\/a>, co-Pr&auml;sidium<br>SP Schmitten, Kontakt&nbsp;<a href=\"mailto:dominik.jutzet@gmx.ch\">Dominik Jutzet, Pr&auml;sident<\/a><br>SP Senseoberland, Kontakt&nbsp;<a href=\"mailto:frederic.abeby@outlook.com\">L<\/a><a href=\"mailto:praesidium@sp-senseoberland.ch\">iliane Br&uuml;gger und Adrian Leuthard, co-Pr&auml;sidium&nbsp;<\/a><br>SP Alterswil\/Tafers, Kontakt <a href=\"mailto:cindy.stritt@bluewin.ch\">Cindy Stritt, Pr&auml;sidentin<\/a><br>SP W&uuml;nnewil-Flamatt, Kontakt&nbsp;<a href=\"http:\/\/www.sp-wueflach\">C<\/a><a href=\"mailto:cecile.schluechter@sp-wuefla.ch\">ecile Schl&uuml;chter, Pr&auml;sidentin<\/a><\/p><\/p>\n\t\t\t\t\t\t\t\t<\/div>\n\t\t\t\t<\/div>\n\t\t\t\t\t<\/div>\n\t\t<\/div>\n\t\t\t\t\t<\/div>\n\t\t<\/section>\n\t\t\t\t<\/div>\n\t\t","protected":false},"excerpt":{"rendered":"<p>Der Bezirk SP Sense ist von G\u00e9raldine B\u00fcrgy&nbsp;pr\u00e4sidiert. Sie enth\u00e4lt 6 Sektionen. www.sp-sense.ch &nbsp; Die Sektionen SP B\u00f6singen, Kontakt&nbsp;Urs Sch\u00fcrch, Pr\u00e4sidentSP D\u00fcdingen, Kontakt Sandy Weder und Anita Gasser, co-Pr\u00e4sidiumSP Schmitten, [&hellip;]<\/p>\n","protected":false},"author":4,"featured_media":0,"parent":0,"menu_order":0,"comment_status":"closed","ping_status":"closed","template":"","meta":{"footnotes":""},"class_list":["post-85600","page","type-page","status-publish","hentry"],"_links":{"self":[{"href":"https:\/\/ps-fr.ch\/de\/wp-json\/wp\/v2\/pages\/85600","targetHints":{"allow":["GET"]}}],"collection":[{"href":"https:\/\/ps-fr.ch\/de\/wp-json\/wp\/v2\/pages"}],"about":[{"href":"https:\/\/ps-fr.ch\/de\/wp-json\/wp\/v2\/types\/page"}],"author":[{"embeddable":true,"href":"https:\/\/ps-fr.ch\/de\/wp-json\/wp\/v2\/users\/4"}],"replies":[{"embeddable":true,"href":"https:\/\/ps-fr.ch\/de\/wp-json\/wp\/v2\/comments?post=85600"}],"version-history":[{"count":0,"href":"https:\/\/ps-fr.ch\/de\/wp-json\/wp\/v2\/pages\/85600\/revisions"}],"wp:attachment":[{"href":"https:\/\/ps-fr.ch\/de\/wp-json\/wp\/v2\/media?parent=85600"}],"curies":[{"name":"wp","href":"https:\/\/api.w.org\/{rel}","templated":true}]}}