{"id":87133,"date":"2023-09-27T11:10:28","date_gmt":"2023-09-27T09:10:28","guid":{"rendered":"https:\/\/spfr.spschweiz.ch\/alizee-rey\/"},"modified":"2023-09-27T14:53:12","modified_gmt":"2023-09-27T12:53:12","slug":"alizee-rey","status":"publish","type":"page","link":"https:\/\/ps-fr.ch\/de\/alizee-rey\/","title":{"rendered":"Aliz\u00e9e Rey"},"content":{"rendered":"\t\t<div data-elementor-type=\"wp-page\" data-elementor-id=\"87133\" class=\"elementor elementor-87133 elementor-87045\" data-elementor-post-type=\"page\">\n\t\t\t\t\t\t<section class=\"elementor-section elementor-top-section elementor-element elementor-element-020e3dc elementor-section-boxed elementor-section-height-default elementor-section-height-default\" data-id=\"020e3dc\" data-element_type=\"section\" data-settings=\"{&quot;jet_parallax_layout_list&quot;:[]}\">\n\t\t\t\t\t\t<div class=\"elementor-container elementor-column-gap-default\">\n\t\t\t\t\t<div class=\"elementor-column elementor-col-33 elementor-top-column elementor-element elementor-element-b418b43\" data-id=\"b418b43\" data-element_type=\"column\">\n\t\t\t<div class=\"elementor-widget-wrap elementor-element-populated\">\n\t\t\t\t\t\t<div class=\"elementor-element elementor-element-cd8e6d4 elementor-widget elementor-widget-image\" data-id=\"cd8e6d4\" data-element_type=\"widget\" data-widget_type=\"image.default\">\n\t\t\t\t<div class=\"elementor-widget-container\">\n\t\t\t\t\t\t\t\t\t\t\t\t\t\t\t<img fetchpriority=\"high\" decoding=\"async\" width=\"800\" height=\"800\" src=\"https:\/\/ps-fr.ch\/wp-content\/uploads\/2023\/09\/FR_SR_2023_SP_Rey_Alizee_4846-1024x1024.jpg\" class=\"attachment-large size-large wp-image-86739\" alt=\"Aliz\u00e9e Rey\" srcset=\"https:\/\/ps-fr.ch\/wp-content\/uploads\/2023\/09\/FR_SR_2023_SP_Rey_Alizee_4846-1024x1024.jpg 1024w, https:\/\/ps-fr.ch\/wp-content\/uploads\/2023\/09\/FR_SR_2023_SP_Rey_Alizee_4846-300x300.jpg 300w, https:\/\/ps-fr.ch\/wp-content\/uploads\/2023\/09\/FR_SR_2023_SP_Rey_Alizee_4846-150x150.jpg 150w, https:\/\/ps-fr.ch\/wp-content\/uploads\/2023\/09\/FR_SR_2023_SP_Rey_Alizee_4846-768x768.jpg 768w, https:\/\/ps-fr.ch\/wp-content\/uploads\/2023\/09\/FR_SR_2023_SP_Rey_Alizee_4846-1000x1000.jpg 1000w, https:\/\/ps-fr.ch\/wp-content\/uploads\/2023\/09\/FR_SR_2023_SP_Rey_Alizee_4846-600x600.jpg 600w, https:\/\/ps-fr.ch\/wp-content\/uploads\/2023\/09\/FR_SR_2023_SP_Rey_Alizee_4846.jpg 1200w\" sizes=\"(max-width: 800px) 100vw, 800px\" \/>\t\t\t\t\t\t\t\t\t\t\t\t\t\t\t<\/div>\n\t\t\t\t<\/div>\n\t\t\t\t\t<\/div>\n\t\t<\/div>\n\t\t\t\t<div class=\"elementor-column elementor-col-66 elementor-top-column elementor-element elementor-element-59525c2\" data-id=\"59525c2\" data-element_type=\"column\">\n\t\t\t<div class=\"elementor-widget-wrap elementor-element-populated\">\n\t\t\t\t\n\t\t<div class=\"elementor-element elementor-element-0399692 elementor-widget elementor-widget-text-editor\" data-id=\"0399692\" data-element_type=\"widget\" data-widget_type=\"text-editor.default\">\n\t\t\t\t<div class=\"elementor-widget-container\">\n\t\t\t\t\t\t\t\t\t<h1>Aliz\u00e9e Rey<\/h1><h3>in den St\u00e4nderat<br \/>und den Nationalrat<\/h3>\t\t\t\t\t\t\t\t<\/div>\n\t\t\t\t<\/div>\n\t\t\t\t\t<\/div>\n\t\t<\/div>\n\t\t\t\t\t<\/div>\n\t\t<\/section>\n\t\t\t\t<section class=\"elementor-section elementor-top-section elementor-element elementor-element-5899461 elementor-section-boxed elementor-section-height-default elementor-section-height-default\" data-id=\"5899461\" data-element_type=\"section\" data-settings=\"{&quot;jet_parallax_layout_list&quot;:[]}\">\n\t\t\t\t\t\t<div class=\"elementor-container elementor-column-gap-default\">\n\t\t\t\t\t<div class=\"elementor-column elementor-col-33 elementor-top-column elementor-element elementor-element-e77a4a8\" data-id=\"e77a4a8\" data-element_type=\"column\">\n\t\t\t<div class=\"elementor-widget-wrap elementor-element-populated\">\n\t\t\t\t\t\t<div class=\"elementor-element elementor-element-3a69d9d elementor-widget elementor-widget-heading\" data-id=\"3a69d9d\" data-element_type=\"widget\" data-widget_type=\"heading.default\">\n\t\t\t\t<div class=\"elementor-widget-container\">\n\t\t\t\t\t<h2 class=\"elementor-heading-title elementor-size-large\">Meine St\u00e4rken<\/h2>\t\t\t\t<\/div>\n\t\t\t\t<\/div>\n\t\t\t\t\t<\/div>\n\t\t<\/div>\n\t\t\t\t<div class=\"elementor-column elementor-col-66 elementor-top-column elementor-element elementor-element-42c71f4\" data-id=\"42c71f4\" data-element_type=\"column\">\n\t\t\t<div class=\"elementor-widget-wrap elementor-element-populated\">\n\t\t\t\t\t\t<div class=\"elementor-element elementor-element-33b4e6d elementor-widget elementor-widget-text-editor\" data-id=\"33b4e6d\" data-element_type=\"widget\" data-widget_type=\"text-editor.default\">\n\t\t\t\t<div class=\"elementor-widget-container\">\n\t\t\t\t\t\t\t\t\t<p><strong>Gemeinder\u00e4tin <\/strong><\/p>\n\t\t\t\t\t\t\t\t<\/div>\n\t\t\t\t<\/div>\n\t\t\t\t\t<\/div>\n\t\t<\/div>\n\t\t\t\t\t<\/div>\n\t\t<\/section>\n\t\t\t\t<section class=\"elementor-section elementor-top-section elementor-element elementor-element-14c37d5 elementor-section-boxed elementor-section-height-default elementor-section-height-default\" data-id=\"14c37d5\" data-element_type=\"section\" data-settings=\"{&quot;jet_parallax_layout_list&quot;:[]}\">\n\t\t\t\t\t\t<div class=\"elementor-container elementor-column-gap-default\">\n\t\t\t\t\t<div class=\"elementor-column elementor-col-33 elementor-top-column elementor-element elementor-element-fb1ec81\" data-id=\"fb1ec81\" data-element_type=\"column\">\n\t\t\t<div class=\"elementor-widget-wrap elementor-element-populated\">\n\t\t\t\t\t\t\t<\/div>\n\t\t<\/div>\n\t\t\t\t<div class=\"elementor-column elementor-col-66 elementor-top-column elementor-element elementor-element-28f62cc\" data-id=\"28f62cc\" data-element_type=\"column\">\n\t\t\t<div class=\"elementor-widget-wrap elementor-element-populated\">\n\t\t\t\t\t\t<div class=\"elementor-element elementor-element-f42d520 elementor-widget elementor-widget-text-editor\" data-id=\"f42d520\" data-element_type=\"widget\" data-widget_type=\"text-editor.default\">\n\t\t\t\t<div class=\"elementor-widget-container\">\n\t\t\t\t\t\t\t\t\t<p><strong>Grossr\u00e4tin<\/strong><\/p>\n\t\t\t\t\t\t\t\t<\/div>\n\t\t\t\t<\/div>\n\t\t\t\t\t<\/div>\n\t\t<\/div>\n\t\t\t\t\t<\/div>\n\t\t<\/section>\n\t\t\t\t<section class=\"elementor-section elementor-top-section elementor-element elementor-element-646079b elementor-section-boxed elementor-section-height-default elementor-section-height-default\" data-id=\"646079b\" data-element_type=\"section\" data-settings=\"{&quot;jet_parallax_layout_list&quot;:[]}\">\n\t\t\t\t\t\t<div class=\"elementor-container elementor-column-gap-default\">\n\t\t\t\t\t<div class=\"elementor-column elementor-col-33 elementor-top-column elementor-element elementor-element-dd612b6\" data-id=\"dd612b6\" data-element_type=\"column\">\n\t\t\t<div class=\"elementor-widget-wrap elementor-element-populated\">\n\t\t\t\t\t\t\t<\/div>\n\t\t<\/div>\n\t\t\t\t<div class=\"elementor-column elementor-col-66 elementor-top-column elementor-element elementor-element-cc04be9\" data-id=\"cc04be9\" data-element_type=\"column\">\n\t\t\t<div class=\"elementor-widget-wrap elementor-element-populated\">\n\t\t\t\t\t\t<div class=\"elementor-element elementor-element-d14149a elementor-widget elementor-widget-text-editor\" data-id=\"d14149a\" data-element_type=\"widget\" data-widget_type=\"text-editor.default\">\n\t\t\t\t<div class=\"elementor-widget-container\">\n\t\t\t\t\t\t\t\t\t<p><strong>Juristin beim Bundesamt fu\u0308r Sozialversicherungen<br \/><\/strong>Herzblut engagiere ich mich fu\u0308r alles, was ich beruflich, politisch oder in Vereinen unternehme, um den Alltag aller Menschen zu verbessern.<\/p>\t\t\t\t\t\t\t\t<\/div>\n\t\t\t\t<\/div>\n\t\t\t\t\t<\/div>\n\t\t<\/div>\n\t\t\t\t\t<\/div>\n\t\t<\/section>\n\t\t\t\t<section class=\"elementor-section elementor-top-section elementor-element elementor-element-5e777a8 elementor-section-boxed elementor-section-height-default elementor-section-height-default\" data-id=\"5e777a8\" data-element_type=\"section\" data-settings=\"{&quot;jet_parallax_layout_list&quot;:[]}\">\n\t\t\t\t\t\t<div class=\"elementor-container elementor-column-gap-default\">\n\t\t\t\t\t<div class=\"elementor-column elementor-col-33 elementor-top-column elementor-element elementor-element-8e07d27\" data-id=\"8e07d27\" data-element_type=\"column\">\n\t\t\t<div class=\"elementor-widget-wrap elementor-element-populated\">\n\t\t\t\t\t\t<div class=\"elementor-element elementor-element-6698251 elementor-widget elementor-widget-heading\" data-id=\"6698251\" data-element_type=\"widget\" data-widget_type=\"heading.default\">\n\t\t\t\t<div class=\"elementor-widget-container\">\n\t\t\t\t\t<h2 class=\"elementor-heading-title elementor-size-large\">Ergreife ich partei<\/h2>\t\t\t\t<\/div>\n\t\t\t\t<\/div>\n\t\t\t\t\t<\/div>\n\t\t<\/div>\n\t\t\t\t<div class=\"elementor-column elementor-col-66 elementor-top-column elementor-element elementor-element-0f27000\" data-id=\"0f27000\" data-element_type=\"column\">\n\t\t\t<div class=\"elementor-widget-wrap elementor-element-populated\">\n\t\t\t\t\t\t<div class=\"elementor-element elementor-element-7fc0511 elementor-widget elementor-widget-text-editor\" data-id=\"7fc0511\" data-element_type=\"widget\" data-widget_type=\"text-editor.default\">\n\t\t\t\t<div class=\"elementor-widget-container\">\n\t\t\t\t\t\t\t\t\t<p><strong>F\u00dcR EINE BESSERE KAUFKRAFT<br \/><\/strong>Ich will auf Bundesebene fu\u0308r faire L\u00f6hne, gute Arbeitsbedingungen, wu\u0308rdige AHV-Renten und angemessene Leistungen zur Unterstu\u0308tzung von Familien k\u00e4mpfen.<\/p>\t\t\t\t\t\t\t\t<\/div>\n\t\t\t\t<\/div>\n\t\t\t\t\t<\/div>\n\t\t<\/div>\n\t\t\t\t\t<\/div>\n\t\t<\/section>\n\t\t\t\t<section class=\"elementor-section elementor-top-section elementor-element elementor-element-2e4eed9 elementor-section-boxed elementor-section-height-default elementor-section-height-default\" data-id=\"2e4eed9\" data-element_type=\"section\" data-settings=\"{&quot;jet_parallax_layout_list&quot;:[]}\">\n\t\t\t\t\t\t<div class=\"elementor-container elementor-column-gap-default\">\n\t\t\t\t\t<div class=\"elementor-column elementor-col-33 elementor-top-column elementor-element elementor-element-2c6efe8\" data-id=\"2c6efe8\" data-element_type=\"column\">\n\t\t\t<div class=\"elementor-widget-wrap\">\n\t\t\t\t\t\t\t<\/div>\n\t\t<\/div>\n\t\t\t\t<div class=\"elementor-column elementor-col-66 elementor-top-column elementor-element elementor-element-c6491b8\" data-id=\"c6491b8\" data-element_type=\"column\">\n\t\t\t<div class=\"elementor-widget-wrap elementor-element-populated\">\n\t\t\t\t\t\t<div class=\"elementor-element elementor-element-e0e4d2a elementor-widget elementor-widget-text-editor\" data-id=\"e0e4d2a\" data-element_type=\"widget\" data-widget_type=\"text-editor.default\">\n\t\t\t\t<div class=\"elementor-widget-container\">\n\t\t\t\t\t\t\t\t\t<p><strong>F\u00dcR BEZAHLBARE KRANKENKASSENPR\u00c4MIEN <\/strong><br \/>Ich unterstu\u0308tze aktiv Initiativen, welche die H\u00f6he der Krankenkassenpr\u00e4mien auf 10 % des Haushaltseinkommens begrenzen. Diese Pr\u00e4mien belasten das Budget der Haushalte immer st\u00e4rker! Gesundheit darf kein Luxus sein.<\/p>\t\t\t\t\t\t\t\t<\/div>\n\t\t\t\t<\/div>\n\t\t\t\t\t<\/div>\n\t\t<\/div>\n\t\t\t\t\t<\/div>\n\t\t<\/section>\n\t\t\t\t<section class=\"elementor-section elementor-top-section elementor-element elementor-element-5bff5a3 elementor-section-boxed elementor-section-height-default elementor-section-height-default\" data-id=\"5bff5a3\" data-element_type=\"section\" data-settings=\"{&quot;jet_parallax_layout_list&quot;:[]}\">\n\t\t\t\t\t\t<div class=\"elementor-container elementor-column-gap-default\">\n\t\t\t\t\t<div class=\"elementor-column elementor-col-33 elementor-top-column elementor-element elementor-element-7d752a7\" data-id=\"7d752a7\" data-element_type=\"column\">\n\t\t\t<div class=\"elementor-widget-wrap\">\n\t\t\t\t\t\t\t<\/div>\n\t\t<\/div>\n\t\t\t\t<div class=\"elementor-column elementor-col-66 elementor-top-column elementor-element elementor-element-0522c8d\" data-id=\"0522c8d\" data-element_type=\"column\">\n\t\t\t<div class=\"elementor-widget-wrap elementor-element-populated\">\n\t\t\t\t\t\t<div class=\"elementor-element elementor-element-38fa3d3 elementor-widget elementor-widget-text-editor\" data-id=\"38fa3d3\" data-element_type=\"widget\" data-widget_type=\"text-editor.default\">\n\t\t\t\t<div class=\"elementor-widget-container\">\n\t\t\t\t\t\t\t\t\t<p><strong>F\u00dcR DIE GLEICHSTELLUNG, JETZT!<\/strong>  <br \/>Ich setze mich dafu\u0308r ein, dass die Lohngleichheit Realit\u00e4t wird, dass die familienerg\u00e4nzende Kinderbetreuung den Bedu\u0308rfnissen der Familien entspricht und dass auf Bundesebene ein echter Elternurlaub verabschiedet wird. <\/p>\n\t\t\t\t\t\t\t\t<\/div>\n\t\t\t\t<\/div>\n\t\t\t\t\t<\/div>\n\t\t<\/div>\n\t\t\t\t\t<\/div>\n\t\t<\/section>\n\t\t\t\t<section class=\"elementor-section elementor-top-section elementor-element elementor-element-3aa4430 elementor-section-boxed elementor-section-height-default elementor-section-height-default\" data-id=\"3aa4430\" data-element_type=\"section\" data-settings=\"{&quot;jet_parallax_layout_list&quot;:[]}\">\n\t\t\t\t\t\t<div class=\"elementor-container elementor-column-gap-default\">\n\t\t\t\t\t<div class=\"elementor-column elementor-col-100 elementor-top-column elementor-element elementor-element-f8ee6d0\" data-id=\"f8ee6d0\" data-element_type=\"column\">\n\t\t\t<div class=\"elementor-widget-wrap elementor-element-populated\">\n\t\t\t\t\t\t<div class=\"elementor-element elementor-element-38d46e4 elementor-widget elementor-widget-spps_button_list\" data-id=\"38d46e4\" data-element_type=\"widget\" data-widget_type=\"spps_button_list.default\">\n\t\t\t\t<div class=\"elementor-widget-container\">\n\t\t\t\t\t<div class=\"button-list-wrapper wrapper-spacing-small  \"><div class=\"button-list-title\"><h3>Meine Netzwerke<\/h3><\/div><div class=\"button-list-container\"><div class=\"button-list-items\"><div class=\"button-list-item\"><div class=\"button-wrapper \"><a href=\"https:\/\/www.facebook.com\/alizee.rey.1\"  target=\"_self\" class=\"button-link button-link-default\" >Facebook<span class=\"button-media-date\">18.04.2026<\/span><\/a><\/div><\/div><div class=\"button-list-item\"><div class=\"button-wrapper \"><a href=\"https:\/\/www.instagram.com\/alizeerey\/\"  target=\"_self\" class=\"button-link button-link-default\" >Instagram<span class=\"button-media-date\">18.04.2026<\/span><\/a><\/div><\/div><div class=\"button-list-item\"><div class=\"button-wrapper \"><a href=\"https:\/\/www.linkedin.com\/in\/aliz%C3%A9e-rey-30666671\/?originalSubdomain=ch\"  target=\"_self\" class=\"button-link button-link-default\" >Linkedin<span class=\"button-media-date\">18.04.2026<\/span><\/a><\/div><\/div><\/div><\/div><\/div>\t\t\t\t<\/div>\n\t\t\t\t<\/div>\n\t\t\t\t<div class=\"elementor-element elementor-element-4549261 elementor-widget elementor-widget-spps_button_list\" data-id=\"4549261\" data-element_type=\"widget\" data-widget_type=\"spps_button_list.default\">\n\t\t\t\t<div class=\"elementor-widget-container\">\n\t\t\t\t\t<div class=\"button-list-wrapper wrapper-spacing-small  \"><div class=\"button-list-title\"><h3>Mich kontaktieren<\/h3><\/div><div class=\"button-list-container\"><div class=\"button-list-items\"><div class=\"button-list-item\"><div class=\"button-wrapper \"><a href=\"www.alizee-rey.ch\"  target=\"_self\" class=\"button-link button-link-default\" >alizee-rey.ch<span class=\"button-media-date\">18.04.2026<\/span><\/a><\/div><\/div><div class=\"button-list-item\"><div class=\"button-wrapper \"><a href=\"mailto:info@alizee-rey.ch \"  target=\"_self\" class=\"button-link button-link-default\" >info@alizee-rey.ch <span class=\"button-media-date\">18.04.2026<\/span><\/a><\/div><\/div><\/div><\/div><\/div>\t\t\t\t<\/div>\n\t\t\t\t<\/div>\n\t\t\t\t\t<\/div>\n\t\t<\/div>\n\t\t\t\t\t<\/div>\n\t\t<\/section>\n\t\t\t\t<\/div>\n\t\t","protected":false},"excerpt":{"rendered":"<p>Aliz\u00e9e Rey in den St\u00e4nderatund den Nationalrat Meine St\u00e4rken Gemeinder\u00e4tin Grossr\u00e4tin Juristin beim Bundesamt fu\u0308r SozialversicherungenHerzblut engagiere ich mich fu\u0308r alles, was ich beruflich, politisch oder in Vereinen unternehme, um [&hellip;]<\/p>\n","protected":false},"author":10,"featured_media":0,"parent":0,"menu_order":6,"comment_status":"closed","ping_status":"closed","template":"","meta":{"footnotes":""},"class_list":["post-87133","page","type-page","status-publish","hentry"],"_links":{"self":[{"href":"https:\/\/ps-fr.ch\/de\/wp-json\/wp\/v2\/pages\/87133","targetHints":{"allow":["GET"]}}],"collection":[{"href":"https:\/\/ps-fr.ch\/de\/wp-json\/wp\/v2\/pages"}],"about":[{"href":"https:\/\/ps-fr.ch\/de\/wp-json\/wp\/v2\/types\/page"}],"author":[{"embeddable":true,"href":"https:\/\/ps-fr.ch\/de\/wp-json\/wp\/v2\/users\/10"}],"replies":[{"embeddable":true,"href":"https:\/\/ps-fr.ch\/de\/wp-json\/wp\/v2\/comments?post=87133"}],"version-history":[{"count":11,"href":"https:\/\/ps-fr.ch\/de\/wp-json\/wp\/v2\/pages\/87133\/revisions"}],"predecessor-version":[{"id":87248,"href":"https:\/\/ps-fr.ch\/de\/wp-json\/wp\/v2\/pages\/87133\/revisions\/87248"}],"wp:attachment":[{"href":"https:\/\/ps-fr.ch\/de\/wp-json\/wp\/v2\/media?parent=87133"}],"curies":[{"name":"wp","href":"https:\/\/api.w.org\/{rel}","templated":true}]}}